{"id":465,"date":"2025-06-09T14:05:57","date_gmt":"2025-06-09T12:05:57","guid":{"rendered":"https:\/\/salmen.kreativo-media.de\/?page_id=465"},"modified":"2025-06-30T18:31:12","modified_gmt":"2025-06-30T16:31:12","slug":"impressum","status":"publish","type":"page","link":"https:\/\/hotelsalmen.de\/en\/impressum\/","title":{"rendered":"Imprint"},"content":{"rendered":"<div data-elementor-type=\"wp-page\" data-elementor-id=\"465\" class=\"elementor elementor-465\" data-elementor-post-type=\"page\">\n\t\t\t\t<div class=\"elementor-element elementor-element-72e1d7e e-flex e-con-boxed e-con e-parent\" data-id=\"72e1d7e\" data-element_type=\"container\" data-e-type=\"container\">\n\t\t\t\t\t<div class=\"e-con-inner\">\n\t\t\t\t<div class=\"elementor-element elementor-element-1d6edc3 elementor-widget elementor-widget-heading\" data-id=\"1d6edc3\" data-element_type=\"widget\" data-e-type=\"widget\" data-widget_type=\"heading.default\">\n\t\t\t\t\t<h2 class=\"elementor-heading-title elementor-size-default\">Imprint<\/h2>\t\t\t\t<\/div>\n\t\t\t\t\t<\/div>\n\t\t\t\t<\/div>\n\t\t<div class=\"elementor-element elementor-element-822b4bb e-flex e-con-boxed e-con e-parent\" data-id=\"822b4bb\" data-element_type=\"container\" data-e-type=\"container\">\n\t\t\t\t\t<div class=\"e-con-inner\">\n\t\t<div class=\"elementor-element elementor-element-c57c55b e-con-full e-flex e-con e-child\" data-id=\"c57c55b\" data-element_type=\"container\" data-e-type=\"container\" data-settings=\"{&quot;background_background&quot;:&quot;classic&quot;}\">\n\t\t<div class=\"elementor-element elementor-element-5ee2787 e-con-full e-flex e-con e-child\" data-id=\"5ee2787\" data-element_type=\"container\" data-e-type=\"container\" data-settings=\"{&quot;background_background&quot;:&quot;classic&quot;,&quot;background_motion_fx_motion_fx_scrolling&quot;:&quot;yes&quot;,&quot;background_motion_fx_devices&quot;:[&quot;desktop&quot;,&quot;tablet&quot;,&quot;mobile&quot;]}\">\n\t\t\t\t<div class=\"elementor-element elementor-element-48034cb elementor-widget elementor-widget-text-editor\" data-id=\"48034cb\" data-element_type=\"widget\" data-e-type=\"widget\" data-widget_type=\"text-editor.default\">\n\t\t\t\t\t\t\t\t\t<p><b>Country Hotel Salmen<\/b>\u00a0Family Joachim Meier<br \/>Weinstrasse 10<br \/>77704 Oberkirch-Ringelbach<br \/><b>Telephone:<\/b>\u00a0+49 7802 4429<br \/><b>Fax:<\/b>\u00a0+49 7802 5449<br \/><b>e-mail:<\/b>\u00a0<a href=\"mailto:info@hotelsalmen.de\">info@hotelsalmen.de<\/a><br \/><b>Owner:<\/b>\u00a0Meier family<\/p><p><b>Competent supervisory authority:\u00a0<\/b>LRA Offenburg<br \/><b>Sales tax identification number according to \u00a7 27 a sales tax law:<\/b>\u00a0DE142583590<br \/><br \/><b>Responsible for content according to \u00a7 55 Abs. 2 RStV:<\/b><br \/>Meier family (address as above)<br \/><br \/><b>Platform for online dispute resolution of the European Commission:<\/b><br \/>http:\/\/ec.europa.eu\/consumers\/odr\/<\/p>\t\t\t\t\t\t\t\t<\/div>\n\t\t\t\t<div class=\"elementor-element elementor-element-181395f elementor-widget elementor-widget-text-editor\" data-id=\"181395f\" data-element_type=\"widget\" data-e-type=\"widget\" data-widget_type=\"text-editor.default\">\n\t\t\t\t\t\t\t\t\t<p>Disclaimer<\/p>\t\t\t\t\t\t\t\t<\/div>\n\t\t\t\t<div class=\"elementor-element elementor-element-fae20ca elementor-widget elementor-widget-text-editor\" data-id=\"fae20ca\" data-element_type=\"widget\" data-e-type=\"widget\" data-widget_type=\"text-editor.default\">\n\t\t\t\t\t\t\t\t\t<p>Despite careful checking of the content, we accept no liability for the content of external links. The operators of the linked pages are solely responsible for their content.<\/p>\t\t\t\t\t\t\t\t<\/div>\n\t\t\t\t<div class=\"elementor-element elementor-element-53f374e elementor-widget elementor-widget-text-editor\" data-id=\"53f374e\" data-element_type=\"widget\" data-e-type=\"widget\" data-widget_type=\"text-editor.default\">\n\t\t\t\t\t\t\t\t\t<p>Copyright of the image material<\/p>\t\t\t\t\t\t\t\t<\/div>\n\t\t\t\t<div class=\"elementor-element elementor-element-029b06c elementor-widget elementor-widget-text-editor\" data-id=\"029b06c\" data-element_type=\"widget\" data-e-type=\"widget\" data-widget_type=\"text-editor.default\">\n\t\t\t\t\t\t\t\t\t<p>All rights to image material are held by the Landhotel Salmen or have been obtained for the exclusive use of the Landhotel Salmen from: Europapark Rust, Freilichtmuseum Vogtsbauernhof, Tourist-Information Oberkirch and Freiburg Wirtschaft Touristik und Messe GmbH &amp; Co. KG (\u00a9 Freiburg Wirtschaft Touristik und Messe GmbH &amp; Co. KG \/ Photo: Karl-Heinz Raach and \u00a9 FWTM\/Raach).<\/p>\t\t\t\t\t\t\t\t<\/div>\n\t\t\t\t<div class=\"elementor-element elementor-element-885dd27 elementor-widget elementor-widget-text-editor\" data-id=\"885dd27\" data-element_type=\"widget\" data-e-type=\"widget\" data-widget_type=\"text-editor.default\">\n\t\t\t\t\t\t\t\t\t<p>Design, programming and operation<\/p>\t\t\t\t\t\t\t\t<\/div>\n\t\t\t\t<div class=\"elementor-element elementor-element-35d0dca elementor-widget elementor-widget-text-editor\" data-id=\"35d0dca\" data-element_type=\"widget\" data-e-type=\"widget\" data-widget_type=\"text-editor.default\">\n\t\t\t\t\t\t\t\t\t<p><b>kreativo Media<\/b><br \/>Bruchstrasse 17E<br \/>77799 Ortenberg<br \/><b>e-mail:\u00a0<\/b><a href=\"mailto:info@kreativo-media.de\">info@kreativo-media.de<\/a><br \/><b>Internet:\u00a0<\/b><a href=\"http:\/\/www.kreativo-media.de\/\">www.kreativo-media.de<\/a><\/p>\t\t\t\t\t\t\t\t<\/div>\n\t\t\t\t<\/div>\n\t\t\t\t<\/div>\n\t\t<div class=\"elementor-element elementor-element-dd603ba e-con-full e-flex e-con e-child\" data-id=\"dd603ba\" data-element_type=\"container\" data-e-type=\"container\">\n\t\t\t\t<div class=\"elementor-element elementor-element-ef8c744 elementor-widget elementor-widget-shortcode\" data-id=\"ef8c744\" data-element_type=\"widget\" data-e-type=\"widget\" data-widget_type=\"shortcode.default\">\n\t\t\t\t\t\t\t<div class=\"elementor-shortcode\">\t\t<div data-elementor-type=\"section\" data-elementor-id=\"141\" class=\"elementor elementor-141\" data-elementor-post-type=\"elementor_library\">\n\t\t\t<div class=\"elementor-element elementor-element-9719e8a e-flex e-con-boxed e-con e-parent\" data-id=\"9719e8a\" data-element_type=\"container\" data-e-type=\"container\">\n\t\t\t\t\t<div class=\"e-con-inner\">\n\t\t\t\t<div class=\"elementor-element elementor-element-60a302c elementor-widget elementor-widget-heading\" data-id=\"60a302c\" data-element_type=\"widget\" data-e-type=\"widget\" data-widget_type=\"heading.default\">\n\t\t\t\t\t<h3 class=\"elementor-heading-title elementor-size-default\">Reservation &amp; Contact<\/h3>\t\t\t\t<\/div>\n\t\t\t\t<div class=\"elementor-element elementor-element-541cd85 elementor-widget elementor-widget-text-editor\" data-id=\"541cd85\" data-element_type=\"widget\" data-e-type=\"widget\" data-widget_type=\"text-editor.default\">\n\t\t\t\t\t\t\t\t\t<p><b>Country Hotel Salmen<\/b>\u00a0<br \/>Family Joachim Meier<br \/>Weinstrasse 10<br \/>77704 Oberkirch-Ringelbach<\/p>\t\t\t\t\t\t\t\t<\/div>\n\t\t\t\t<div class=\"elementor-element elementor-element-8ae0b02 elementor-icon-list--layout-traditional elementor-list-item-link-full_width elementor-widget elementor-widget-icon-list\" data-id=\"8ae0b02\" data-element_type=\"widget\" data-e-type=\"widget\" data-widget_type=\"icon-list.default\">\n\t\t\t\t\t\t\t<ul class=\"elementor-icon-list-items\">\n\t\t\t\t\t\t\t<li class=\"elementor-icon-list-item\">\n\t\t\t\t\t\t\t\t\t\t\t<a href=\"tel:004978024429\">\n\n\t\t\t\t\t\t\t\t\t\t\t\t<span class=\"elementor-icon-list-icon\">\n\t\t\t\t\t\t\t<i aria-hidden=\"true\" class=\"icon icon-phone\"><\/i>\t\t\t\t\t\t<\/span>\n\t\t\t\t\t\t\t\t\t\t<span class=\"elementor-icon-list-text\"> +49 7802 4429<\/span>\n\t\t\t\t\t\t\t\t\t\t\t<\/a>\n\t\t\t\t\t\t\t\t\t<\/li>\n\t\t\t\t\t\t\t\t<li class=\"elementor-icon-list-item\">\n\t\t\t\t\t\t\t\t\t\t\t<a href=\"mailto:info@hotelsalmen.de\">\n\n\t\t\t\t\t\t\t\t\t\t\t\t<span class=\"elementor-icon-list-icon\">\n\t\t\t\t\t\t\t<i aria-hidden=\"true\" class=\"icon icon-email\"><\/i>\t\t\t\t\t\t<\/span>\n\t\t\t\t\t\t\t\t\t\t<span class=\"elementor-icon-list-text\">info@hotelsalmen.de<\/span>\n\t\t\t\t\t\t\t\t\t\t\t<\/a>\n\t\t\t\t\t\t\t\t\t<\/li>\n\t\t\t\t\t\t\t\t<li class=\"elementor-icon-list-item\">\n\t\t\t\t\t\t\t\t\t\t\t<a href=\"https:\/\/www.google.de\/maps\/dir\/\/Landhotel+Salmen,+Weinstra%C3%9Fe+10,+77704+Oberkirch\/@48.5569463,8.0846567,17z\/data=!4m9!4m8!1m0!1m5!1m1!1s0x4796d7cd3e72a769:0x6cf13c86c535b0fe!2m2!1d8.087237!2d48.5569428!3e0\" target=\"_blank\">\n\n\t\t\t\t\t\t\t\t\t\t\t\t<span class=\"elementor-icon-list-icon\">\n\t\t\t\t\t\t\t<i aria-hidden=\"true\" class=\"icon icon-pointer\"><\/i>\t\t\t\t\t\t<\/span>\n\t\t\t\t\t\t\t\t\t\t<span class=\"elementor-icon-list-text\">Route planner<\/span>\n\t\t\t\t\t\t\t\t\t\t\t<\/a>\n\t\t\t\t\t\t\t\t\t<\/li>\n\t\t\t\t\t\t<\/ul>\n\t\t\t\t\t\t<\/div>\n\t\t\t\t\t<\/div>\n\t\t\t\t<\/div>\n\t\t\t\t<\/div>\n\t\t<\/div>\n\t\t\t\t\t\t<\/div>\n\t\t\t\t<div class=\"elementor-element elementor-element-04fc3ea elementor-widget elementor-widget-text-editor\" data-id=\"04fc3ea\" data-element_type=\"widget\" data-e-type=\"widget\" data-widget_type=\"text-editor.default\">\n\t\t\t\t\t\t\t\t\t<p>Image sources<\/p>\t\t\t\t\t\t\t\t<\/div>\n\t\t\t\t<div class=\"elementor-element elementor-element-c5cf3ac elementor-widget elementor-widget-text-editor\" data-id=\"c5cf3ac\" data-element_type=\"widget\" data-e-type=\"widget\" data-widget_type=\"text-editor.default\">\n\t\t\t\t\t\t\t\t\t<p>Homepage Ringelbach | shutterstock.com<br \/>Golf: shutterstock.com | Yellowj<br \/>Motorbike: shutterstock.com | Jag_cz<br \/>Massage: shutterstock.com | Syda Productions<br \/>Mountain biking: shutterstock.com | Maciej Kopaniecki<br \/>Golf: shutterstock.com | Maatman<br \/>Wellness: shutterstock.com | mythja<br \/>Strasbourg: shutterstock.com | Prasit Rodphan<br \/>Offer Active: shutterstock.com | Kzenon<br \/>Offer wine: shutterstock.com | Africa Studio<br \/>Sauna: shutterstock.com | nd3000<br \/>Strasbourg: shutterstock.com | Boris Stroujko<br \/>Europa-Park Arthur: Europa-Park Rust<\/p>\t\t\t\t\t\t\t\t<\/div>\n\t\t\t\t<\/div>\n\t\t\t\t\t<\/div>\n\t\t\t\t<\/div>\n\t\t\t\t<\/div>","protected":false},"excerpt":{"rendered":"<p>Imprint Landhotel Salmen Family Joachim MeierWeinstrasse 1077704 Oberkirch-RingelbachTelephone: +49 7802 4429Telefax: +49 7802 5449E-Mail: info@hotelsalmen.deInhaber: Fam. Meier Responsible supervisory authority: LRA OffenburgSales tax identification number according to \u00a7 27 a Umsatzsteuergesetz: DE142583590 Responsible for content according to \u00a7 55 Abs. 2 RStV:Fam. Meier (address as above) Platform for online dispute resolution of the European Commission:http:\/\/ec.europa.eu\/consumers\/odr\/ Disclaimer Despite careful control of the content, we assume no liability for the content of external links. For the content [...]<\/p>","protected":false},"author":1,"featured_media":0,"parent":0,"menu_order":0,"comment_status":"closed","ping_status":"closed","template":"","meta":{"_acf_changed":false,"footnotes":""},"class_list":["post-465","page","type-page","status-publish","hentry"],"acf":[],"yoast_head":"<!-- This site is optimized with the Yoast SEO plugin v27.5 - https:\/\/yoast.com\/product\/yoast-seo-wordpress\/ -->\n<title>Impressum - Landhotel Salmen<\/title>\n<meta name=\"robots\" content=\"index, follow, max-snippet:-1, max-image-preview:large, max-video-preview:-1\" \/>\n<link rel=\"canonical\" href=\"https:\/\/hotelsalmen.de\/en\/impressum\/\" \/>\n<meta property=\"og:locale\" content=\"en_GB\" \/>\n<meta property=\"og:type\" content=\"article\" \/>\n<meta property=\"og:title\" content=\"Impressum - Landhotel Salmen\" \/>\n<meta property=\"og:description\" content=\"Impressum Landhotel Salmen\u00a0Familie Joachim MeierWeinstrasse 1077704 Oberkirch-RingelbachTelefon:\u00a0+49 7802 4429Telefax:\u00a0+49 7802 5449E-Mail:\u00a0info@hotelsalmen.deInhaber:\u00a0Fam. Meier Zust\u00e4ndige Aufsichtsbeh\u00f6rde:\u00a0LRA OffenburgUmsatzsteuer-Identifikationsnummer gem\u00e4\u00df \u00a7 27 a Umsatzsteuergesetz:\u00a0DE142583590 Inhaltlich Verantwortlicher gem\u00e4\u00df \u00a7 55 Abs. 2 RStV:Fam. Meier (Anschrift wie oben) Plattform zur Online-Streitbeilegung der Europ\u00e4ischen Kommission:http:\/\/ec.europa.eu\/consumers\/odr\/\u200b Haftungshinweis Trotz sorgf\u00e4ltiger inhaltlicher Kontrolle \u00fcbernehmen wir keine Haftung f\u00fcr die Inhalte externer Links. F\u00fcr den Inhalt [&hellip;]\" \/>\n<meta property=\"og:url\" content=\"https:\/\/hotelsalmen.de\/en\/impressum\/\" \/>\n<meta property=\"og:site_name\" content=\"Landhotel Salmen\" \/>\n<meta property=\"article:modified_time\" content=\"2025-06-30T16:31:12+00:00\" \/>\n<meta name=\"twitter:card\" content=\"summary_large_image\" \/>\n<meta name=\"twitter:label1\" content=\"Estimated reading time\" \/>\n\t<meta name=\"twitter:data1\" content=\"2 minutes\" \/>\n<script type=\"application\/ld+json\" class=\"yoast-schema-graph\">{\"@context\":\"https:\\\/\\\/schema.org\",\"@graph\":[{\"@type\":\"WebPage\",\"@id\":\"https:\\\/\\\/hotelsalmen.de\\\/impressum\\\/\",\"url\":\"https:\\\/\\\/hotelsalmen.de\\\/impressum\\\/\",\"name\":\"Impressum - Landhotel Salmen\",\"isPartOf\":{\"@id\":\"https:\\\/\\\/hotelsalmen.de\\\/#website\"},\"datePublished\":\"2025-06-09T12:05:57+00:00\",\"dateModified\":\"2025-06-30T16:31:12+00:00\",\"breadcrumb\":{\"@id\":\"https:\\\/\\\/hotelsalmen.de\\\/impressum\\\/#breadcrumb\"},\"inLanguage\":\"en-GB\",\"potentialAction\":[{\"@type\":\"ReadAction\",\"target\":[\"https:\\\/\\\/hotelsalmen.de\\\/impressum\\\/\"]}]},{\"@type\":\"BreadcrumbList\",\"@id\":\"https:\\\/\\\/hotelsalmen.de\\\/impressum\\\/#breadcrumb\",\"itemListElement\":[{\"@type\":\"ListItem\",\"position\":1,\"name\":\"Startseite\",\"item\":\"https:\\\/\\\/hotelsalmen.de\\\/\"},{\"@type\":\"ListItem\",\"position\":2,\"name\":\"Impressum\"}]},{\"@type\":\"WebSite\",\"@id\":\"https:\\\/\\\/hotelsalmen.de\\\/#website\",\"url\":\"https:\\\/\\\/hotelsalmen.de\\\/\",\"name\":\"Landhotel Salmen - Ihr Hotel an der badischen Weinstra\u00dfe\",\"description\":\"\",\"publisher\":{\"@id\":\"https:\\\/\\\/hotelsalmen.de\\\/#organization\"},\"potentialAction\":[{\"@type\":\"SearchAction\",\"target\":{\"@type\":\"EntryPoint\",\"urlTemplate\":\"https:\\\/\\\/hotelsalmen.de\\\/?s={search_term_string}\"},\"query-input\":{\"@type\":\"PropertyValueSpecification\",\"valueRequired\":true,\"valueName\":\"search_term_string\"}}],\"inLanguage\":\"en-GB\"},{\"@type\":\"Organization\",\"@id\":\"https:\\\/\\\/hotelsalmen.de\\\/#organization\",\"name\":\"Landhotel Salmen\",\"url\":\"https:\\\/\\\/hotelsalmen.de\\\/\",\"logo\":{\"@type\":\"ImageObject\",\"inLanguage\":\"en-GB\",\"@id\":\"https:\\\/\\\/hotelsalmen.de\\\/#\\\/schema\\\/logo\\\/image\\\/\",\"url\":\"https:\\\/\\\/hotelsalmen.de\\\/wp-content\\\/uploads\\\/2025\\\/03\\\/logo_retina.png\",\"contentUrl\":\"https:\\\/\\\/hotelsalmen.de\\\/wp-content\\\/uploads\\\/2025\\\/03\\\/logo_retina.png\",\"width\":222,\"height\":105,\"caption\":\"Landhotel Salmen\"},\"image\":{\"@id\":\"https:\\\/\\\/hotelsalmen.de\\\/#\\\/schema\\\/logo\\\/image\\\/\"}}]}<\/script>\n<!-- \/ Yoast SEO plugin. -->","yoast_head_json":{"title":"Imprint - Landhotel Salmen","robots":{"index":"index","follow":"follow","max-snippet":"max-snippet:-1","max-image-preview":"max-image-preview:large","max-video-preview":"max-video-preview:-1"},"canonical":"https:\/\/hotelsalmen.de\/en\/impressum\/","og_locale":"en_GB","og_type":"article","og_title":"Impressum - Landhotel Salmen","og_description":"Impressum Landhotel Salmen\u00a0Familie Joachim MeierWeinstrasse 1077704 Oberkirch-RingelbachTelefon:\u00a0+49 7802 4429Telefax:\u00a0+49 7802 5449E-Mail:\u00a0info@hotelsalmen.deInhaber:\u00a0Fam. Meier Zust\u00e4ndige Aufsichtsbeh\u00f6rde:\u00a0LRA OffenburgUmsatzsteuer-Identifikationsnummer gem\u00e4\u00df \u00a7 27 a Umsatzsteuergesetz:\u00a0DE142583590 Inhaltlich Verantwortlicher gem\u00e4\u00df \u00a7 55 Abs. 2 RStV:Fam. Meier (Anschrift wie oben) Plattform zur Online-Streitbeilegung der Europ\u00e4ischen Kommission:http:\/\/ec.europa.eu\/consumers\/odr\/\u200b Haftungshinweis Trotz sorgf\u00e4ltiger inhaltlicher Kontrolle \u00fcbernehmen wir keine Haftung f\u00fcr die Inhalte externer Links. F\u00fcr den Inhalt [&hellip;]","og_url":"https:\/\/hotelsalmen.de\/en\/impressum\/","og_site_name":"Landhotel Salmen","article_modified_time":"2025-06-30T16:31:12+00:00","twitter_card":"summary_large_image","twitter_misc":{"Estimated reading time":"2 minutes"},"schema":{"@context":"https:\/\/schema.org","@graph":[{"@type":"WebPage","@id":"https:\/\/hotelsalmen.de\/impressum\/","url":"https:\/\/hotelsalmen.de\/impressum\/","name":"Imprint - Landhotel Salmen","isPartOf":{"@id":"https:\/\/hotelsalmen.de\/#website"},"datePublished":"2025-06-09T12:05:57+00:00","dateModified":"2025-06-30T16:31:12+00:00","breadcrumb":{"@id":"https:\/\/hotelsalmen.de\/impressum\/#breadcrumb"},"inLanguage":"en-GB","potentialAction":[{"@type":"ReadAction","target":["https:\/\/hotelsalmen.de\/impressum\/"]}]},{"@type":"BreadcrumbList","@id":"https:\/\/hotelsalmen.de\/impressum\/#breadcrumb","itemListElement":[{"@type":"ListItem","position":1,"name":"Startseite","item":"https:\/\/hotelsalmen.de\/"},{"@type":"ListItem","position":2,"name":"Impressum"}]},{"@type":"WebSite","@id":"https:\/\/hotelsalmen.de\/#website","url":"https:\/\/hotelsalmen.de\/","name":"Landhotel Salmen - Your hotel on the Baden Wine Route","description":"","publisher":{"@id":"https:\/\/hotelsalmen.de\/#organization"},"potentialAction":[{"@type":"SearchAction","target":{"@type":"EntryPoint","urlTemplate":"https:\/\/hotelsalmen.de\/?s={search_term_string}"},"query-input":{"@type":"PropertyValueSpecification","valueRequired":true,"valueName":"search_term_string"}}],"inLanguage":"en-GB"},{"@type":"Organization","@id":"https:\/\/hotelsalmen.de\/#organization","name":"Country Hotel Salmen","url":"https:\/\/hotelsalmen.de\/","logo":{"@type":"ImageObject","inLanguage":"en-GB","@id":"https:\/\/hotelsalmen.de\/#\/schema\/logo\/image\/","url":"https:\/\/hotelsalmen.de\/wp-content\/uploads\/2025\/03\/logo_retina.png","contentUrl":"https:\/\/hotelsalmen.de\/wp-content\/uploads\/2025\/03\/logo_retina.png","width":222,"height":105,"caption":"Landhotel Salmen"},"image":{"@id":"https:\/\/hotelsalmen.de\/#\/schema\/logo\/image\/"}}]}},"_links":{"self":[{"href":"https:\/\/hotelsalmen.de\/en\/wp-json\/wp\/v2\/pages\/465","targetHints":{"allow":["GET"]}}],"collection":[{"href":"https:\/\/hotelsalmen.de\/en\/wp-json\/wp\/v2\/pages"}],"about":[{"href":"https:\/\/hotelsalmen.de\/en\/wp-json\/wp\/v2\/types\/page"}],"author":[{"embeddable":true,"href":"https:\/\/hotelsalmen.de\/en\/wp-json\/wp\/v2\/users\/1"}],"replies":[{"embeddable":true,"href":"https:\/\/hotelsalmen.de\/en\/wp-json\/wp\/v2\/comments?post=465"}],"version-history":[{"count":10,"href":"https:\/\/hotelsalmen.de\/en\/wp-json\/wp\/v2\/pages\/465\/revisions"}],"predecessor-version":[{"id":684,"href":"https:\/\/hotelsalmen.de\/en\/wp-json\/wp\/v2\/pages\/465\/revisions\/684"}],"wp:attachment":[{"href":"https:\/\/hotelsalmen.de\/en\/wp-json\/wp\/v2\/media?parent=465"}],"curies":[{"name":"wp","href":"https:\/\/api.w.org\/{rel}","templated":true}]}}